{"id":16,"date":"2024-06-10T14:32:29","date_gmt":"2024-06-10T12:32:29","guid":{"rendered":"https:\/\/ehunbide.org\/?page_id=16"},"modified":"2025-02-06T15:51:20","modified_gmt":"2025-02-06T13:51:20","slug":"colabora","status":"publish","type":"page","link":"https:\/\/ehunbide.org\/index.php\/colabora\/","title":{"rendered":"Colabora"},"content":{"rendered":"\n<div style=\"height:43px\" aria-hidden=\"true\" class=\"wp-block-spacer\"><\/div>\n\n\n\n<p class=\"has-text-align-center\" id=\"block-6eb192e3-f678-43bd-92d4-950bccfb69a6\">Somos una entidad sin \u00e1nimo de lucro que para poder llevar a cabo nuestros objetivos, a parte de las colaboraciones econ\u00f3micas con instituciones p\u00fablicas, es fundamental el apoyo de socios, socias y donantes.\u00a0<\/p>\n\n\n\n<div style=\"height:34px\" aria-hidden=\"true\" class=\"wp-block-spacer\"><\/div>\n\n\n\n<h3 id=\"wp-block-themeisle-blocks-advanced-heading-17107922\" class=\"wp-block-themeisle-blocks-advanced-heading wp-block-themeisle-blocks-advanced-heading-17107922\"><strong>Colaborar con Ehunbide significa &#8230;<\/strong><\/h3>\n\n\n\n<div style=\"height:38px\" aria-hidden=\"true\" class=\"wp-block-spacer\"><\/div>\n\n\n\n<div class=\"wp-block-columns is-layout-flex wp-container-core-columns-is-layout-9d6595d7 wp-block-columns-is-layout-flex\">\n<div class=\"wp-block-column is-vertically-aligned-stretch has-neve-link-color-background-color has-background is-layout-flow wp-block-column-is-layout-flow\" style=\"padding-right:var(--wp--preset--spacing--60);padding-left:var(--wp--preset--spacing--60)\">\n<div class=\"wp-block-group has-neve-link-color-background-color has-background\"><div class=\"wp-block-group__inner-container is-layout-constrained wp-block-group-is-layout-constrained\">\n<div style=\"height:20px\" aria-hidden=\"true\" class=\"wp-block-spacer\"><\/div>\n\n\n\n<p class=\"has-nv-site-bg-color has-text-color has-link-color wp-elements-1ad03933b45e5eaff42752619d600263\">Al formar parte de esta red, contribuyes a prevenir futuros casos de acoso escolar y ofrecer espacios seguros para quienes lo sufren y sus familias. Adem\u00e1s, promueves la formaci\u00f3n de estrategias efectivas y favoreces la resoluci\u00f3n de conflictos de manera positiva. As\u00ed, formas parte de una comunidad que acompa\u00f1a en el acoso escolar, tanto a nivel local como nacional.<\/p>\n<\/div><\/div>\n<\/div>\n<\/div>\n\n\n\n<div style=\"height:44px\" aria-hidden=\"true\" class=\"wp-block-spacer\"><\/div>\n\n\n\n<h3 id=\"wp-block-themeisle-blocks-advanced-heading-7df84df2\" class=\"wp-block-themeisle-blocks-advanced-heading wp-block-themeisle-blocks-advanced-heading-7df84df2\">A nivel individual puedes&#8230;.<\/h3>\n\n\n\n<div style=\"height:43px\" aria-hidden=\"true\" class=\"wp-block-spacer\"><\/div>\n\n\n\n<div class=\"wp-block-columns is-layout-flex wp-container-core-columns-is-layout-9d6595d7 wp-block-columns-is-layout-flex\">\n<div class=\"wp-block-column is-vertically-aligned-center has-border-color has-neve-link-color-border-color is-layout-flow wp-block-column-is-layout-flow\" style=\"border-width:3px\">\n<div style=\"height:20px\" aria-hidden=\"true\" class=\"wp-block-spacer\"><\/div>\n\n\n\n<div class=\"wp-block-group\"><div class=\"wp-block-group__inner-container is-layout-constrained wp-block-group-is-layout-constrained\">\n<h3 class=\"wp-block-heading has-text-align-center has-text-color\" style=\"color:#23c2a9\">Donar<\/h3>\n\n\n\n<p class=\"has-text-align-center\">la cantidad que quieras a trav\u00e9s de Bizum, introduciendo el n\u00famero 11342.<\/p>\n<\/div><\/div>\n\n\n\n<div style=\"height:20px\" aria-hidden=\"true\" class=\"wp-block-spacer\"><\/div>\n<\/div>\n\n\n\n<div class=\"wp-block-column is-vertically-aligned-center has-border-color has-neve-link-color-border-color is-layout-flow wp-block-column-is-layout-flow\" style=\"border-width:3px\">\n<div style=\"height:20px\" aria-hidden=\"true\" class=\"wp-block-spacer\"><\/div>\n\n\n\n<h3 class=\"wp-block-heading has-text-align-center has-text-color\" style=\"color:#23c2a9\">Hacerte socio\/a<\/h3>\n\n\n\n<p class=\"has-text-align-center\">con una contribuci\u00f3n anual de 60\u20ac, solicit\u00e1ndolo a trav\u00e9s del siguiente <a href=\"https:\/\/ehunbide.org\/index.php\/hazte-socio-a\/\" target=\"_blank\" rel=\"noopener\" title=\"\">formulario<\/a>.<\/p>\n\n\n\n<div style=\"height:20px\" aria-hidden=\"true\" class=\"wp-block-spacer\"><\/div>\n<\/div>\n<\/div>\n\n\n\n<div style=\"height:38px\" aria-hidden=\"true\" class=\"wp-block-spacer\"><\/div>\n\n\n\n<p style=\"font-size:17px\"><strong>*Recuerda que todas tus donaciones tienen deducciones fiscales<\/strong><\/p>\n\n\n\n<div style=\"height:43px\" aria-hidden=\"true\" class=\"wp-block-spacer\"><\/div>\n\n\n\n<h3 id=\"wp-block-themeisle-blocks-advanced-heading-fc85f0eb\" class=\"wp-block-themeisle-blocks-advanced-heading wp-block-themeisle-blocks-advanced-heading-fc85f0eb\">Como empresa puedes&#8230;<\/h3>\n\n\n\n<div style=\"height:43px\" aria-hidden=\"true\" class=\"wp-block-spacer\"><\/div>\n\n\n\n<div class=\"wp-block-columns is-layout-flex wp-container-core-columns-is-layout-9d6595d7 wp-block-columns-is-layout-flex\">\n<div class=\"wp-block-column is-vertically-aligned-top has-border-color has-custom-1-border-color is-layout-flow wp-block-column-is-layout-flow\" style=\"border-width:3px\">\n<div style=\"height:20px\" aria-hidden=\"true\" class=\"wp-block-spacer\"><\/div>\n\n\n\n<h3 class=\"wp-block-heading has-text-align-center has-text-color\" style=\"color:#23c2a9\">Donar<\/h3>\n\n\n\n<p class=\"has-text-align-center\">Realizando donaciones econ\u00f3micas                              o en especie<\/p>\n\n\n\n<div style=\"height:55px\" aria-hidden=\"true\" class=\"wp-block-spacer\"><\/div>\n<\/div>\n\n\n\n<div class=\"wp-block-column is-vertically-aligned-center has-border-color has-neve-link-color-border-color is-layout-flow wp-block-column-is-layout-flow\" style=\"border-width:3px\">\n<div style=\"height:20px\" aria-hidden=\"true\" class=\"wp-block-spacer\"><\/div>\n\n\n\n<h3 class=\"wp-block-heading has-text-align-center has-text-color\" style=\"color:#23c2a9\">Colaborar<\/h3>\n\n\n\n<p class=\"has-text-align-center\">Mediante colaboraciones probono, eventos corporativos, acciones con empleadas\/os&#8230;<\/p>\n\n\n\n<div style=\"height:20px\" aria-hidden=\"true\" class=\"wp-block-spacer\"><\/div>\n<\/div>\n<\/div>\n\n\n\n<div style=\"height:45px\" aria-hidden=\"true\" class=\"wp-block-spacer\"><\/div>\n\n\n\n<div style=\"height:79px\" aria-hidden=\"true\" class=\"wp-block-spacer\"><\/div>\n\n\n\n<div style=\"height:45px\" aria-hidden=\"true\" class=\"wp-block-spacer\"><\/div>\n\n\n\n<p><\/p>\n","protected":false},"excerpt":{"rendered":"<p>Somos una entidad sin \u00e1nimo de lucro que para poder llevar a cabo nuestros objetivos, a parte de las colaboraciones econ\u00f3micas con instituciones p\u00fablicas, es fundamental el apoyo de socios, socias y donantes.\u00a0 Al formar parte de esta red, contribuyes a prevenir futuros casos de acoso escolar y ofrecer espacios seguros para quienes lo sufren&hellip;&nbsp;<a href=\"https:\/\/ehunbide.org\/index.php\/colabora\/\" rel=\"bookmark\">Leer m\u00e1s &raquo;<span class=\"screen-reader-text\">Colabora<\/span><\/a><\/p>\n","protected":false},"author":2,"featured_media":0,"parent":0,"menu_order":0,"comment_status":"closed","ping_status":"closed","template":"","meta":{"om_disable_all_campaigns":false,"_monsterinsights_skip_tracking":false,"_monsterinsights_sitenote_active":false,"_monsterinsights_sitenote_note":"","_monsterinsights_sitenote_category":0,"_uf_show_specific_survey":0,"_uf_disable_surveys":false,"neve_meta_sidebar":"","neve_meta_container":"","neve_meta_enable_content_width":"","neve_meta_content_width":0,"neve_meta_title_alignment":"center","neve_meta_author_avatar":"","neve_post_elements_order":"","neve_meta_disable_header":"","neve_meta_disable_footer":"","neve_meta_disable_title":"","_themeisle_gutenberg_block_has_review":false,"footnotes":""},"class_list":["post-16","page","type-page","status-publish","hentry"],"aioseo_notices":[],"_links":{"self":[{"href":"https:\/\/ehunbide.org\/index.php\/wp-json\/wp\/v2\/pages\/16","targetHints":{"allow":["GET"]}}],"collection":[{"href":"https:\/\/ehunbide.org\/index.php\/wp-json\/wp\/v2\/pages"}],"about":[{"href":"https:\/\/ehunbide.org\/index.php\/wp-json\/wp\/v2\/types\/page"}],"author":[{"embeddable":true,"href":"https:\/\/ehunbide.org\/index.php\/wp-json\/wp\/v2\/users\/2"}],"replies":[{"embeddable":true,"href":"https:\/\/ehunbide.org\/index.php\/wp-json\/wp\/v2\/comments?post=16"}],"version-history":[{"count":45,"href":"https:\/\/ehunbide.org\/index.php\/wp-json\/wp\/v2\/pages\/16\/revisions"}],"predecessor-version":[{"id":1753,"href":"https:\/\/ehunbide.org\/index.php\/wp-json\/wp\/v2\/pages\/16\/revisions\/1753"}],"wp:attachment":[{"href":"https:\/\/ehunbide.org\/index.php\/wp-json\/wp\/v2\/media?parent=16"}],"curies":[{"name":"wp","href":"https:\/\/api.w.org\/{rel}","templated":true}]}}