{"id":1705,"date":"2025-01-15T16:04:09","date_gmt":"2025-01-15T14:04:09","guid":{"rendered":"https:\/\/ehunbide.org\/?page_id=1705"},"modified":"2025-01-16T17:41:13","modified_gmt":"2025-01-16T15:41:13","slug":"haz-un-click-te-escuchamos","status":"publish","type":"page","link":"https:\/\/ehunbide.org\/index.php\/haz-un-click-te-escuchamos\/","title":{"rendered":"\u00a1Haz un click, te escuchamos!"},"content":{"rendered":"\n<div style=\"height:43px\" aria-hidden=\"true\" class=\"wp-block-spacer\"><\/div>\n\n\n\n<h4 class=\"wp-block-heading has-neve-link-color-color has-text-color has-link-color wp-elements-bfb87fb369d016690365452de3e430b3\">\u00bfQu\u00e9 es?<\/h4>\n\n\n\n<div class=\"wp-block-group\"><div class=\"wp-block-group__inner-container is-layout-constrained wp-block-group-is-layout-constrained\">\n<div class=\"wp-block-group is-nowrap is-layout-flex wp-container-core-group-is-layout-ad2f72ca wp-block-group-is-layout-flex\">\n<div class=\"wp-block-group is-content-justification-right is-nowrap is-layout-flex wp-container-core-group-is-layout-fd526d70 wp-block-group-is-layout-flex\">\n<div class=\"wp-block-group is-content-justification-right is-nowrap is-layout-flex wp-container-core-group-is-layout-fd526d70 wp-block-group-is-layout-flex\">\n<p>B-resol APP es un canal de alertas que forma parte de un proyecto que une la conciencia social con la innovaci\u00f3n tecnol\u00f3gica para luchar contra el bullying, el ciberbullying y otras formas de acoso.<\/p>\n\n\n\n<figure class=\"wp-block-image size-full is-resized\"><img fetchpriority=\"high\" decoding=\"async\" width=\"512\" height=\"512\" src=\"https:\/\/ehunbide.org\/wp-content\/uploads\/2025\/01\/unnamed.jpg\" alt=\"\" class=\"wp-image-1717\" style=\"width:246px;height:auto\" srcset=\"https:\/\/ehunbide.org\/wp-content\/uploads\/2025\/01\/unnamed.jpg 512w, https:\/\/ehunbide.org\/wp-content\/uploads\/2025\/01\/unnamed-300x300.jpg 300w, https:\/\/ehunbide.org\/wp-content\/uploads\/2025\/01\/unnamed-150x150.jpg 150w\" sizes=\"(max-width: 512px) 100vw, 512px\" \/><\/figure>\n<\/div>\n<\/div>\n<\/div>\n<\/div><\/div>\n\n\n\n<div style=\"height:52px\" aria-hidden=\"true\" class=\"wp-block-spacer\"><\/div>\n\n\n\n<h4 class=\"wp-block-heading has-neve-link-color-color has-text-color has-link-color wp-elements-7a0c6d853ed7844283295cfb3357476a\">\u00bfPara qu\u00e9 sirve?<\/h4>\n\n\n\n<p>A trav\u00e9s de la app b-resol, cualquier ni\u00f1o, ni\u00f1a o adolescente (v\u00edctima, testigo o agresor\/a), de manera inmediata, segura y desde cualquier lugar y momento, pueden alertar de la situaci\u00f3n de acoso o compartir cualquier duda que tengan.<\/p>\n\n\n\n<h4 class=\"wp-block-heading has-neve-link-color-color has-text-color has-link-color wp-elements-6a4c4dd8743551074983a231af709616\">\u00bfC\u00f3mo funciona?<\/h4>\n\n\n\n<div class=\"wp-block-group is-nowrap is-layout-flex wp-container-core-group-is-layout-ad2f72ca wp-block-group-is-layout-flex\">\n<iframe width=\"560\" height=\"315\" src=\"https:\/\/www.youtube.com\/embed\/kev5t3t5Q6c?si=HDYxiVCw0t7k6jHq\" title=\"YouTube video player\" frameborder=\"0\" allow=\"accelerometer; autoplay; clipboard-write; encrypted-media; gyroscope; picture-in-picture; web-share\" referrerpolicy=\"strict-origin-when-cross-origin\" allowfullscreen=\"\"><\/iframe>\n\n\n\n<div style=\"height:100px;width:69px\" aria-hidden=\"true\" class=\"wp-block-spacer wp-container-content-b10dd31d\"><\/div>\n\n\n\n<ol class=\"wp-block-list\">\n<li>Accede a trav\u00e9s de la app o de la <a href=\"https:\/\/app.bcnresol.com\/es\/webclick\" title=\"\">web<\/a><\/li>\n\n\n\n<li>Selecciona el bot\u00f3n central \u00abhaz un click\u00bb.<\/li>\n\n\n\n<li>Escribe el c\u00f3digo: \u00abEhunbide\u00bb.<\/li>\n\n\n\n<li>Elige con qui\u00e9n te quieres poner en contacto.<\/li>\n\n\n\n<li>Si lo has hecho a trav\u00e9s de la web, \u00a1no te olvides de guardarte el identificador y el pin!<\/li>\n<\/ol>\n<\/div>\n\n\n\n<div style=\"height:32px\" aria-hidden=\"true\" class=\"wp-block-spacer\"><\/div>\n\n\n\n<div style=\"height:27px\" aria-hidden=\"true\" class=\"wp-block-spacer\"><\/div>\n\n\n\n<h4 class=\"wp-block-heading has-neve-link-color-color has-text-color has-link-color wp-elements-d4876616b7bd4331837f13b503682009\">\u00bfD\u00f3nde puedo descargar la aplicaci\u00f3n?<\/h4>\n\n\n\n<div class=\"wp-block-group is-nowrap is-layout-flex wp-container-core-group-is-layout-ad2f72ca wp-block-group-is-layout-flex\">\n<figure class=\"wp-block-image size-full is-resized\"><a href=\"https:\/\/apps.apple.com\/es\/app\/b-resol\/id1106450850\"><img decoding=\"async\" width=\"2560\" height=\"856\" src=\"https:\/\/ehunbide.org\/wp-content\/uploads\/2025\/01\/Download_on_the_App_Store_Badge_ESMX_RGB_blk.svg.png\" alt=\"\" class=\"wp-image-1726\" style=\"width:175px;height:auto\" srcset=\"https:\/\/ehunbide.org\/wp-content\/uploads\/2025\/01\/Download_on_the_App_Store_Badge_ESMX_RGB_blk.svg.png 2560w, https:\/\/ehunbide.org\/wp-content\/uploads\/2025\/01\/Download_on_the_App_Store_Badge_ESMX_RGB_blk.svg-300x100.png 300w, https:\/\/ehunbide.org\/wp-content\/uploads\/2025\/01\/Download_on_the_App_Store_Badge_ESMX_RGB_blk.svg-1024x342.png 1024w, https:\/\/ehunbide.org\/wp-content\/uploads\/2025\/01\/Download_on_the_App_Store_Badge_ESMX_RGB_blk.svg-768x257.png 768w, https:\/\/ehunbide.org\/wp-content\/uploads\/2025\/01\/Download_on_the_App_Store_Badge_ESMX_RGB_blk.svg-1536x514.png 1536w, https:\/\/ehunbide.org\/wp-content\/uploads\/2025\/01\/Download_on_the_App_Store_Badge_ESMX_RGB_blk.svg-2048x685.png 2048w\" sizes=\"(max-width: 2560px) 100vw, 2560px\" \/><\/a><\/figure>\n\n\n\n<div style=\"height:100px;width:52px\" aria-hidden=\"true\" class=\"wp-block-spacer wp-container-content-ebfaf734\"><\/div>\n\n\n\n<figure class=\"wp-block-image size-large is-resized\"><a href=\"https:\/\/play.google.com\/store\/apps\/details?id=com.bcnresol.app&amp;hl=es\"><img decoding=\"async\" width=\"1024\" height=\"396\" src=\"https:\/\/ehunbide.org\/wp-content\/uploads\/2025\/01\/geFznv-OKNZ-1024x396.png\" alt=\"\" class=\"wp-image-1723\" style=\"width:186px;height:auto\" srcset=\"https:\/\/ehunbide.org\/wp-content\/uploads\/2025\/01\/geFznv-OKNZ-1024x396.png 1024w, https:\/\/ehunbide.org\/wp-content\/uploads\/2025\/01\/geFznv-OKNZ-300x116.png 300w, https:\/\/ehunbide.org\/wp-content\/uploads\/2025\/01\/geFznv-OKNZ-768x297.png 768w, https:\/\/ehunbide.org\/wp-content\/uploads\/2025\/01\/geFznv-OKNZ-1536x594.png 1536w, https:\/\/ehunbide.org\/wp-content\/uploads\/2025\/01\/geFznv-OKNZ.png 1938w\" sizes=\"(max-width: 1024px) 100vw, 1024px\" \/><\/a><\/figure>\n<\/div>\n\n\n\n<div style=\"height:101px\" aria-hidden=\"true\" class=\"wp-block-spacer\"><\/div>\n","protected":false},"excerpt":{"rendered":"<p>\u00bfQu\u00e9 es? B-resol APP es un canal de alertas que forma parte de un proyecto que une la conciencia social con la innovaci\u00f3n tecnol\u00f3gica para luchar contra el bullying, el ciberbullying y otras formas de acoso. \u00bfPara qu\u00e9 sirve? A trav\u00e9s de la app b-resol, cualquier ni\u00f1o, ni\u00f1a o adolescente (v\u00edctima, testigo o agresor\/a), de&hellip;&nbsp;<a href=\"https:\/\/ehunbide.org\/index.php\/haz-un-click-te-escuchamos\/\" rel=\"bookmark\">Leer m\u00e1s &raquo;<span class=\"screen-reader-text\">\u00a1Haz un click, te escuchamos!<\/span><\/a><\/p>\n","protected":false},"author":1,"featured_media":0,"parent":0,"menu_order":0,"comment_status":"closed","ping_status":"closed","template":"","meta":{"om_disable_all_campaigns":false,"_monsterinsights_skip_tracking":false,"_monsterinsights_sitenote_active":false,"_monsterinsights_sitenote_note":"","_monsterinsights_sitenote_category":0,"_uf_show_specific_survey":0,"_uf_disable_surveys":false,"neve_meta_sidebar":"default","neve_meta_container":"","neve_meta_enable_content_width":"","neve_meta_content_width":0,"neve_meta_title_alignment":"center","neve_meta_author_avatar":"","neve_post_elements_order":"","neve_meta_disable_header":"","neve_meta_disable_footer":"","neve_meta_disable_title":"","_themeisle_gutenberg_block_has_review":false,"footnotes":""},"class_list":["post-1705","page","type-page","status-publish","hentry"],"aioseo_notices":[],"_links":{"self":[{"href":"https:\/\/ehunbide.org\/index.php\/wp-json\/wp\/v2\/pages\/1705","targetHints":{"allow":["GET"]}}],"collection":[{"href":"https:\/\/ehunbide.org\/index.php\/wp-json\/wp\/v2\/pages"}],"about":[{"href":"https:\/\/ehunbide.org\/index.php\/wp-json\/wp\/v2\/types\/page"}],"author":[{"embeddable":true,"href":"https:\/\/ehunbide.org\/index.php\/wp-json\/wp\/v2\/users\/1"}],"replies":[{"embeddable":true,"href":"https:\/\/ehunbide.org\/index.php\/wp-json\/wp\/v2\/comments?post=1705"}],"version-history":[{"count":21,"href":"https:\/\/ehunbide.org\/index.php\/wp-json\/wp\/v2\/pages\/1705\/revisions"}],"predecessor-version":[{"id":1740,"href":"https:\/\/ehunbide.org\/index.php\/wp-json\/wp\/v2\/pages\/1705\/revisions\/1740"}],"wp:attachment":[{"href":"https:\/\/ehunbide.org\/index.php\/wp-json\/wp\/v2\/media?parent=1705"}],"curies":[{"name":"wp","href":"https:\/\/api.w.org\/{rel}","templated":true}]}}