{"id":747,"date":"2024-09-10T09:39:26","date_gmt":"2024-09-10T07:39:26","guid":{"rendered":"https:\/\/ehunbide.org\/?page_id=747"},"modified":"2025-07-16T10:06:35","modified_gmt":"2025-07-16T08:06:35","slug":"ehunbide-fundazioa","status":"publish","type":"page","link":"https:\/\/ehunbide.org\/index.php\/ehunbide-fundazioa\/","title":{"rendered":"<font style=\"vertical-align: inherit;\"><font style=\"vertical-align: inherit;\">Ehunbide Fundazioa<\/font><\/font>"},"content":{"rendered":"\n<div style=\"height:43px\" aria-hidden=\"true\" class=\"wp-block-spacer\"><\/div>\n\n\n\n<p class=\"has-text-align-center has-nv-site-bg-color has-custom-1-background-color has-text-color has-background has-link-color wp-elements-4a51f3f9ecb12b2ddbefeefeb5be5d38\">Ehunbide Fundazioa es una fundaci\u00f3n sin \u00e1nimo de lucro que nace para dar respuesta a las necesidades sociales, educativas y psicol\u00f3gicas de ni\u00f1os, ni\u00f1as y adolescentes, familiares y agentes socializadores en situaciones de acoso escolar.<\/p>\n\n\n\n<div style=\"height:59px\" aria-hidden=\"true\" class=\"wp-block-spacer\"><\/div>\n\n\n\n<div class=\"wp-block-group\"><div class=\"wp-block-group__inner-container is-layout-constrained wp-block-group-is-layout-constrained\">\n<div class=\"wp-block-group wp-container-content-69bc4bdf\"><div class=\"wp-block-group__inner-container is-layout-constrained wp-block-group-is-layout-constrained\">\n<div class=\"wp-block-columns is-layout-flex wp-container-core-columns-is-layout-9d6595d7 wp-block-columns-is-layout-flex\">\n<div class=\"wp-block-column is-layout-flow wp-block-column-is-layout-flow\">\n<div class=\"wp-block-media-text is-stacked-on-mobile\" style=\"grid-template-columns:40% auto\"><figure class=\"wp-block-media-text__media\"><img fetchpriority=\"high\" decoding=\"async\" width=\"500\" height=\"500\" src=\"https:\/\/ehunbide.org\/wp-content\/uploads\/2024\/09\/Diseno-sin-titulo-1.png\" alt=\"\" class=\"wp-image-1083 size-full\" srcset=\"https:\/\/ehunbide.org\/wp-content\/uploads\/2024\/09\/Diseno-sin-titulo-1.png 500w, https:\/\/ehunbide.org\/wp-content\/uploads\/2024\/09\/Diseno-sin-titulo-1-300x300.png 300w, https:\/\/ehunbide.org\/wp-content\/uploads\/2024\/09\/Diseno-sin-titulo-1-150x150.png 150w\" sizes=\"(max-width: 500px) 100vw, 500px\" \/><\/figure><div class=\"wp-block-media-text__content\">\n<h3 class=\"wp-block-heading\">MISI\u00d3N<\/h3>\n<\/div><\/div>\n\n\n\n<p class=\"has-text-align-center\">Desarrollar proyectos que favorezcan el bienestar psicol\u00f3gico, social y educativo de menores, familiares y agentes socializadores en situaciones de bullying y ciberbullying.<\/p>\n<\/div>\n\n\n\n<div class=\"wp-block-column is-layout-flow wp-block-column-is-layout-flow\">\n<div class=\"wp-block-media-text is-stacked-on-mobile\" style=\"grid-template-columns:40% auto\"><figure class=\"wp-block-media-text__media\"><img decoding=\"async\" width=\"500\" height=\"500\" src=\"https:\/\/ehunbide.org\/wp-content\/uploads\/2024\/09\/Diseno-sin-titulo-2.png\" alt=\"\" class=\"wp-image-1084 size-full\" srcset=\"https:\/\/ehunbide.org\/wp-content\/uploads\/2024\/09\/Diseno-sin-titulo-2.png 500w, https:\/\/ehunbide.org\/wp-content\/uploads\/2024\/09\/Diseno-sin-titulo-2-300x300.png 300w, https:\/\/ehunbide.org\/wp-content\/uploads\/2024\/09\/Diseno-sin-titulo-2-150x150.png 150w\" sizes=\"(max-width: 500px) 100vw, 500px\" \/><\/figure><div class=\"wp-block-media-text__content\">\n<h3 class=\"wp-block-heading\">VISI\u00d3N<\/h3>\n<\/div><\/div>\n\n\n\n<p class=\"has-text-align-center\">Ser referentes a nivel local y auton\u00f3mico en acompa\u00f1amiento a nivel integral a familias y menores en situaci\u00f3n de acoso escolar, as\u00ed como en el desarrollo de proyectos en la prevenci\u00f3n y detecci\u00f3n de casos, alineadoS con los ODS.<\/p>\n<\/div>\n\n\n\n<div class=\"wp-block-column is-layout-flow wp-block-column-is-layout-flow\">\n<div class=\"wp-block-media-text is-stacked-on-mobile\" style=\"grid-template-columns:40% auto\"><figure class=\"wp-block-media-text__media\"><img decoding=\"async\" width=\"500\" height=\"500\" src=\"https:\/\/ehunbide.org\/wp-content\/uploads\/2024\/09\/Diseno-sin-titulo-3.png\" alt=\"\" class=\"wp-image-1085 size-full\" srcset=\"https:\/\/ehunbide.org\/wp-content\/uploads\/2024\/09\/Diseno-sin-titulo-3.png 500w, https:\/\/ehunbide.org\/wp-content\/uploads\/2024\/09\/Diseno-sin-titulo-3-300x300.png 300w, https:\/\/ehunbide.org\/wp-content\/uploads\/2024\/09\/Diseno-sin-titulo-3-150x150.png 150w\" sizes=\"(max-width: 500px) 100vw, 500px\" \/><\/figure><div class=\"wp-block-media-text__content\">\n<h3 class=\"wp-block-heading\">VALORES<\/h3>\n<\/div><\/div>\n\n\n\n<p class=\"has-text-align-center\">A la hora de llevar a cabo nuestro trabajo, creemos en valores fundamentales como son: la equidad, la inclusi\u00f3n, la justicia, el compromiso, la profesionalidad, la transparencia y la empat\u00eda.<\/p>\n<\/div>\n<\/div>\n<\/div><\/div>\n<\/div><\/div>\n\n\n\n<p><\/p>\n\n\n\n<div class=\"wp-block-buttons alignwide is-content-justification-center is-layout-flex wp-container-core-buttons-is-layout-28206b41 wp-block-buttons-is-layout-flex\">\n<div class=\"wp-block-button has-custom-width wp-block-button__width-50 is-style-default\"><a class=\"wp-block-button__link has-custom-1-color has-custom-1-background-color has-text-color has-background has-link-color has-custom-font-size wp-element-button\" style=\"border-radius:100px;font-size:0px\">BIDEAK EHUNTZEN<\/a><\/div>\n\n\n\n<div class=\"wp-block-button has-custom-width wp-block-button__width-25 is-style-default\"><a class=\"wp-block-button__link has-nv-dark-bg-color has-neve-text-color-background-color has-text-color has-background has-link-color has-text-align-center has-custom-font-size wp-element-button\" style=\"border-radius:100px;font-size:0px\">DFGDGF<\/a><\/div>\n<\/div>\n\n\n\n<div style=\"height:86px\" aria-hidden=\"true\" class=\"wp-block-spacer\"><\/div>\n\n\n\n<div class=\"wp-block-media-text is-stacked-on-mobile\" style=\"grid-template-columns:27% auto\"><figure class=\"wp-block-media-text__media\"><img loading=\"lazy\" decoding=\"async\" width=\"500\" height=\"500\" src=\"http:\/\/ehunbide.org\/wp-content\/uploads\/2024\/09\/Diseno-sin-titulo-6.png\" alt=\"\" class=\"wp-image-1412 size-full\" srcset=\"https:\/\/ehunbide.org\/wp-content\/uploads\/2024\/09\/Diseno-sin-titulo-6.png 500w, https:\/\/ehunbide.org\/wp-content\/uploads\/2024\/09\/Diseno-sin-titulo-6-300x300.png 300w, https:\/\/ehunbide.org\/wp-content\/uploads\/2024\/09\/Diseno-sin-titulo-6-150x150.png 150w\" sizes=\"(max-width: 500px) 100vw, 500px\" \/><\/figure><div class=\"wp-block-media-text__content\">\n<div class=\"wp-block-group is-vertical is-layout-flex wp-container-core-group-is-layout-8cf370e7 wp-block-group-is-layout-flex\">\n<h3 class=\"wp-block-heading\">Nuestras l\u00edneas de trabajo son:<\/h3>\n\n\n\n<ul class=\"wp-block-list\">\n<li>Acciones de prevenci\u00f3n.<\/li>\n\n\n\n<li>Orientaci\u00f3n socio-educativa y legal.<\/li>\n\n\n\n<li>Formaci\u00f3n en estrategias de prevenci\u00f3n e intervenci\u00f3n.<\/li>\n\n\n\n<li>Intervenci\u00f3n educativa y psicol\u00f3gica<\/li>\n\n\n\n<li>Mediaci\u00f3n en situaciones de acoso escolar.<\/li>\n<\/ul>\n<\/div>\n<\/div><\/div>\n\n\n\n<div style=\"height:64px\" aria-hidden=\"true\" class=\"wp-block-spacer\"><\/div>\n\n\n\n<div class=\"wp-block-media-text has-media-on-the-right is-stacked-on-mobile\" style=\"grid-template-columns:auto 27%\"><div class=\"wp-block-media-text__content\">\n<div class=\"wp-block-group is-vertical is-layout-flex wp-container-core-group-is-layout-8cf370e7 wp-block-group-is-layout-flex\">\n<h3 class=\"wp-block-heading\">Acompa\u00f1amos a: <\/h3>\n\n\n\n<p class=\"justificar\">todas las personas involucradas en situaciones de acoso escolar: ni\u00f1os, ni\u00f1as y adolescentes, que ejercen, sufren o son espectadoras de acoso escolar, familias y agentes socializadores. <\/p>\n<\/div>\n<\/div><figure class=\"wp-block-media-text__media\"><img loading=\"lazy\" decoding=\"async\" width=\"500\" height=\"500\" src=\"https:\/\/ehunbide.org\/wp-content\/uploads\/2024\/09\/Diseno-sin-titulo-7.png\" alt=\"\" class=\"wp-image-1466 size-full\" srcset=\"https:\/\/ehunbide.org\/wp-content\/uploads\/2024\/09\/Diseno-sin-titulo-7.png 500w, https:\/\/ehunbide.org\/wp-content\/uploads\/2024\/09\/Diseno-sin-titulo-7-300x300.png 300w, https:\/\/ehunbide.org\/wp-content\/uploads\/2024\/09\/Diseno-sin-titulo-7-150x150.png 150w\" sizes=\"(max-width: 500px) 100vw, 500px\" \/><\/figure><\/div>\n\n\n\n<div style=\"height:61px\" aria-hidden=\"true\" class=\"wp-block-spacer\"><\/div>\n\n\n\n<div class=\"wp-block-buttons alignwide is-content-justification-center is-layout-flex wp-container-core-buttons-is-layout-28206b41 wp-block-buttons-is-layout-flex\">\n<div class=\"wp-block-button has-custom-width wp-block-button__width-50 is-style-default\"><a class=\"wp-block-button__link has-custom-1-color has-custom-1-background-color has-text-color has-background has-link-color has-custom-font-size wp-element-button\" style=\"border-radius:100px;font-size:0px\">BIDEAK EHUNTZEN<\/a><\/div>\n\n\n\n<div class=\"wp-block-button has-custom-width wp-block-button__width-25 is-style-default\"><a class=\"wp-block-button__link has-nv-dark-bg-color has-neve-text-color-background-color has-text-color has-background has-link-color has-text-align-center has-custom-font-size wp-element-button\" style=\"border-radius:100px;font-size:0px\">DFGDGF<\/a><\/div>\n<\/div>\n\n\n\n<div style=\"height:46px\" aria-hidden=\"true\" class=\"wp-block-spacer\"><\/div>\n","protected":false},"excerpt":{"rendered":"<p>Ehunbide Fundazioa es una fundaci\u00f3n sin \u00e1nimo de lucro que nace para dar respuesta a las necesidades sociales, educativas y psicol\u00f3gicas de ni\u00f1os, ni\u00f1as y adolescentes, familiares y agentes socializadores en situaciones de acoso escolar. MISI\u00d3N Desarrollar proyectos que favorezcan el bienestar psicol\u00f3gico, social y educativo de menores, familiares y agentes socializadores en situaciones de&hellip;&nbsp;<a href=\"https:\/\/ehunbide.org\/index.php\/ehunbide-fundazioa\/\" rel=\"bookmark\">Leer m\u00e1s &raquo;<span class=\"screen-reader-text\"><font style=\"vertical-align: inherit;\"><font style=\"vertical-align: inherit;\">Ehunbide Fundazioa<\/font><\/font><\/span><\/a><\/p>\n","protected":false},"author":2,"featured_media":0,"parent":0,"menu_order":0,"comment_status":"closed","ping_status":"closed","template":"","meta":{"om_disable_all_campaigns":false,"_monsterinsights_skip_tracking":false,"_monsterinsights_sitenote_active":false,"_monsterinsights_sitenote_note":"","_monsterinsights_sitenote_category":0,"_uf_show_specific_survey":0,"_uf_disable_surveys":false,"neve_meta_sidebar":"","neve_meta_container":"","neve_meta_enable_content_width":"","neve_meta_content_width":0,"neve_meta_title_alignment":"center","neve_meta_author_avatar":"","neve_post_elements_order":"","neve_meta_disable_header":"","neve_meta_disable_footer":"","neve_meta_disable_title":"","_themeisle_gutenberg_block_has_review":false,"footnotes":""},"class_list":["post-747","page","type-page","status-publish","hentry"],"aioseo_notices":[],"_links":{"self":[{"href":"https:\/\/ehunbide.org\/index.php\/wp-json\/wp\/v2\/pages\/747","targetHints":{"allow":["GET"]}}],"collection":[{"href":"https:\/\/ehunbide.org\/index.php\/wp-json\/wp\/v2\/pages"}],"about":[{"href":"https:\/\/ehunbide.org\/index.php\/wp-json\/wp\/v2\/types\/page"}],"author":[{"embeddable":true,"href":"https:\/\/ehunbide.org\/index.php\/wp-json\/wp\/v2\/users\/2"}],"replies":[{"embeddable":true,"href":"https:\/\/ehunbide.org\/index.php\/wp-json\/wp\/v2\/comments?post=747"}],"version-history":[{"count":60,"href":"https:\/\/ehunbide.org\/index.php\/wp-json\/wp\/v2\/pages\/747\/revisions"}],"predecessor-version":[{"id":1985,"href":"https:\/\/ehunbide.org\/index.php\/wp-json\/wp\/v2\/pages\/747\/revisions\/1985"}],"wp:attachment":[{"href":"https:\/\/ehunbide.org\/index.php\/wp-json\/wp\/v2\/media?parent=747"}],"curies":[{"name":"wp","href":"https:\/\/api.w.org\/{rel}","templated":true}]}}