{"id":771,"date":"2024-09-10T09:45:09","date_gmt":"2024-09-10T07:45:09","guid":{"rendered":"https:\/\/ehunbide.org\/?page_id=771"},"modified":"2024-09-19T12:05:19","modified_gmt":"2024-09-19T10:05:19","slug":"proyectos","status":"publish","type":"page","link":"https:\/\/ehunbide.org\/index.php\/proyectos\/","title":{"rendered":"Proyectos"},"content":{"rendered":"\n<div style=\"height:34px\" aria-hidden=\"true\" class=\"wp-block-spacer\"><\/div>\n\n\n\n<p class=\"has-text-align-center\">El acoso escolar es un problema complejo que se debe abordar de manera integral. Es por ello, por lo que desde Ehunbide Fundazioa, hemos adquirido el compromiso de desarrollar proyectos enfocados a acompa\u00f1ar desde la prevenci\u00f3n, la formaci\u00f3n, la detecci\u00f3n, la intervenci\u00f3n y la reparaci\u00f3n. Cada uno de ellos est\u00e1 dise\u00f1ado para ofrecer respuestas espec\u00edficas a todas las personas involucradas en situaciones de acoso escolar: ni\u00f1os, ni\u00f1as, adolescentes, familias y agentes socializadores.<\/p>\n\n\n\n<div style=\"height:41px\" aria-hidden=\"true\" class=\"wp-block-spacer\"><\/div>\n\n\n\n<div style=\"height:100px\" aria-hidden=\"true\" class=\"wp-block-spacer\"><\/div>\n\n\n\n<div class=\"wp-block-group alignwide\"><div class=\"wp-block-group__inner-container is-layout-constrained wp-block-group-is-layout-constrained\">\n<div class=\"wp-block-group alignwide\"><div class=\"wp-block-group__inner-container is-layout-constrained wp-block-group-is-layout-constrained\">\n<h3 class=\"wp-block-heading has-text-align-center\">01. BIDEAK EHUNTZEN<\/h3>\n\n\n\n<div class=\"wp-block-group alignwide\"><div class=\"wp-block-group__inner-container is-layout-constrained wp-block-group-is-layout-constrained\">\n<div class=\"wp-block-buttons alignwide is-content-justification-center is-layout-flex wp-container-core-buttons-is-layout-28206b41 wp-block-buttons-is-layout-flex\">\n<div class=\"wp-block-button has-custom-width wp-block-button__width-50 has-custom-font-size is-style-default\" style=\"font-size:0px\"><a class=\"wp-block-button__link has-custom-1-color has-custom-1-background-color has-text-color has-background has-link-color wp-element-button\" style=\"border-radius:100px\">BIDEAK EHUNTZEN<\/a><\/div>\n\n\n\n<div class=\"wp-block-button has-custom-width wp-block-button__width-25 has-custom-font-size is-style-default\" style=\"font-size:0px\"><a class=\"wp-block-button__link has-nv-dark-bg-color has-neve-text-color-background-color has-text-color has-background has-link-color has-text-align-center wp-element-button\" style=\"border-radius:100px\">DFGDGF<\/a><\/div>\n<\/div>\n\n\n\n<div style=\"height:16px\" aria-hidden=\"true\" class=\"wp-block-spacer\"><\/div>\n\n\n\n<div class=\"wp-block-media-text alignwide is-stacked-on-mobile\" style=\"padding-top:0;padding-bottom:0;grid-template-columns:15% auto\"><figure class=\"wp-block-media-text__media\"><img fetchpriority=\"high\" decoding=\"async\" width=\"600\" height=\"600\" src=\"https:\/\/ehunbide.org\/wp-content\/uploads\/2024\/09\/bideak-ehuntzen.png\" alt=\"\" class=\"wp-image-1331 size-full\" srcset=\"https:\/\/ehunbide.org\/wp-content\/uploads\/2024\/09\/bideak-ehuntzen.png 600w, https:\/\/ehunbide.org\/wp-content\/uploads\/2024\/09\/bideak-ehuntzen-300x300.png 300w, https:\/\/ehunbide.org\/wp-content\/uploads\/2024\/09\/bideak-ehuntzen-150x150.png 150w\" sizes=\"(max-width: 600px) 100vw, 600px\" \/><\/figure><div class=\"wp-block-media-text__content\">\n<p class=\"has-text-align-left has-neve-text-color-color has-text-color has-link-color wp-elements-36c36405fb32da0e36046fb356e18a3a\">El programa est\u00e1 dise\u00f1ado para brindar apoyo integral a agentes socializadores, familias y a la infancia y adolescencia que han sufrido, ejercido o presenciado acoso escolar. A trav\u00e9s de sesiones de orientaci\u00f3n educativa ofrecemos espacios para resolver dudas y asesoramiento legal individualizado.<\/p>\n<\/div><\/div>\n<\/div><\/div>\n<\/div><\/div>\n\n\n\n<div style=\"height:54px\" aria-hidden=\"true\" class=\"wp-block-spacer\"><\/div>\n\n\n\n<div class=\"wp-block-group alignwide\"><div class=\"wp-block-group__inner-container is-layout-constrained wp-block-group-is-layout-constrained\">\n<div class=\"wp-block-group alignwide\"><div class=\"wp-block-group__inner-container is-layout-constrained wp-block-group-is-layout-constrained\">\n<div class=\"wp-block-group alignwide\"><div class=\"wp-block-group__inner-container is-layout-constrained wp-block-group-is-layout-constrained\">\n<div class=\"wp-block-group alignwide\"><div class=\"wp-block-group__inner-container is-layout-constrained wp-block-group-is-layout-constrained\">\n<h3 class=\"wp-block-heading has-text-align-center\">02. EREINDUZ<\/h3>\n\n\n\n<div class=\"wp-block-group alignwide\"><div class=\"wp-block-group__inner-container is-layout-constrained wp-block-group-is-layout-constrained\">\n<div class=\"wp-block-buttons alignwide is-content-justification-center is-layout-flex wp-container-core-buttons-is-layout-28206b41 wp-block-buttons-is-layout-flex\">\n<div class=\"wp-block-button has-custom-width wp-block-button__width-50 has-custom-font-size is-style-default\" style=\"font-size:0px\"><a class=\"wp-block-button__link has-custom-1-color has-custom-1-background-color has-text-color has-background has-link-color wp-element-button\" style=\"border-radius:100px\">BIDEAK EHUNTZEN<\/a><\/div>\n\n\n\n<div class=\"wp-block-button has-custom-width wp-block-button__width-25 has-custom-font-size is-style-default\" style=\"font-size:0px\"><a class=\"wp-block-button__link has-nv-dark-bg-color has-neve-text-color-background-color has-text-color has-background has-link-color has-text-align-center wp-element-button\" style=\"border-radius:100px\">DFGDGF<\/a><\/div>\n<\/div>\n\n\n\n<div style=\"height:16px\" aria-hidden=\"true\" class=\"wp-block-spacer\"><\/div>\n\n\n\n<div class=\"wp-block-media-text alignwide is-stacked-on-mobile\" style=\"padding-top:0;padding-bottom:0;grid-template-columns:15% auto\"><figure class=\"wp-block-media-text__media\"><img decoding=\"async\" width=\"600\" height=\"600\" src=\"https:\/\/ehunbide.org\/wp-content\/uploads\/2024\/09\/ereinduz.png\" alt=\"\" class=\"wp-image-1333 size-full\" srcset=\"https:\/\/ehunbide.org\/wp-content\/uploads\/2024\/09\/ereinduz.png 600w, https:\/\/ehunbide.org\/wp-content\/uploads\/2024\/09\/ereinduz-300x300.png 300w, https:\/\/ehunbide.org\/wp-content\/uploads\/2024\/09\/ereinduz-150x150.png 150w\" sizes=\"(max-width: 600px) 100vw, 600px\" \/><\/figure><div class=\"wp-block-media-text__content\">\n<p class=\"has-neve-text-color-color has-text-color has-link-color wp-elements-4d226047c565f68c9148d8f6f33b5a98\">Es un proyecto dise\u00f1ado para abordar el acoso escolar desde una perspectiva integral, colaborativa y comunitaria. Desde Ereinduz queremos crear y sumarnos a redes que favorezcan la prevenci\u00f3n, detecci\u00f3n e intervenci\u00f3n del acoso escolar, as\u00ed como la creaci\u00f3n de conocimiento conjunto.<\/p>\n<\/div><\/div>\n<\/div><\/div>\n<\/div><\/div>\n<\/div><\/div>\n\n\n\n<div style=\"height:54px\" aria-hidden=\"true\" class=\"wp-block-spacer\"><\/div>\n<\/div><\/div>\n<\/div><\/div>\n\n\n\n<div class=\"wp-block-group alignwide\"><div class=\"wp-block-group__inner-container is-layout-constrained wp-block-group-is-layout-constrained\">\n<div class=\"wp-block-group alignwide\"><div class=\"wp-block-group__inner-container is-layout-constrained wp-block-group-is-layout-constrained\">\n<div class=\"wp-block-group alignwide\"><div class=\"wp-block-group__inner-container is-layout-constrained wp-block-group-is-layout-constrained\">\n<div class=\"wp-block-group alignwide\"><div class=\"wp-block-group__inner-container is-layout-constrained wp-block-group-is-layout-constrained\">\n<h3 class=\"wp-block-heading has-text-align-center\">03. BIDEGUNE<\/h3>\n\n\n\n<div class=\"wp-block-group alignwide\"><div class=\"wp-block-group__inner-container is-layout-constrained wp-block-group-is-layout-constrained\">\n<div class=\"wp-block-buttons alignwide is-content-justification-center is-layout-flex wp-container-core-buttons-is-layout-28206b41 wp-block-buttons-is-layout-flex\">\n<div class=\"wp-block-button has-custom-width wp-block-button__width-50 has-custom-font-size is-style-default\" style=\"font-size:0px\"><a class=\"wp-block-button__link has-custom-1-color has-custom-1-background-color has-text-color has-background has-link-color wp-element-button\" style=\"border-radius:100px\">BIDEAK EHUNTZEN<\/a><\/div>\n\n\n\n<div class=\"wp-block-button has-custom-width wp-block-button__width-25 has-custom-font-size is-style-default\" style=\"font-size:0px\"><a class=\"wp-block-button__link has-nv-dark-bg-color has-neve-text-color-background-color has-text-color has-background has-link-color has-text-align-center wp-element-button\" style=\"border-radius:100px\">DFGDGF<\/a><\/div>\n<\/div>\n\n\n\n<div style=\"height:16px\" aria-hidden=\"true\" class=\"wp-block-spacer\"><\/div>\n\n\n\n<div class=\"wp-block-media-text alignwide is-stacked-on-mobile\" style=\"padding-top:0;padding-bottom:0;grid-template-columns:15% auto\"><figure class=\"wp-block-media-text__media\"><img decoding=\"async\" width=\"600\" height=\"600\" src=\"https:\/\/ehunbide.org\/wp-content\/uploads\/2024\/09\/bidegune.png\" alt=\"\" class=\"wp-image-1335 size-full\" srcset=\"https:\/\/ehunbide.org\/wp-content\/uploads\/2024\/09\/bidegune.png 600w, https:\/\/ehunbide.org\/wp-content\/uploads\/2024\/09\/bidegune-300x300.png 300w, https:\/\/ehunbide.org\/wp-content\/uploads\/2024\/09\/bidegune-150x150.png 150w\" sizes=\"(max-width: 600px) 100vw, 600px\" \/><\/figure><div class=\"wp-block-media-text__content\">\n<p class=\"has-neve-text-color-color has-text-color has-link-color wp-elements-9e0198dbc0e7dbd1446da2b866224094\">Bidegune es un espacio de ocio dirigido a ni\u00f1os, ni\u00f1as y adolescentes que han sufrido acoso escolar. En \u00e9l a parte de encontrar un lugar seguro, podr\u00e1n participar en actividades grupales, en las que se promueva la socializaci\u00f3n y se favorezca la reparaci\u00f3n del da\u00f1o sufrido.<\/p>\n<\/div><\/div>\n<\/div><\/div>\n<\/div><\/div>\n<\/div><\/div>\n\n\n\n<div style=\"height:54px\" aria-hidden=\"true\" class=\"wp-block-spacer\"><\/div>\n<\/div><\/div>\n<\/div><\/div>\n\n\n\n<div class=\"wp-block-group alignwide\"><div class=\"wp-block-group__inner-container is-layout-constrained wp-block-group-is-layout-constrained\">\n<div class=\"wp-block-group alignwide\"><div class=\"wp-block-group__inner-container is-layout-constrained wp-block-group-is-layout-constrained\">\n<div class=\"wp-block-group alignwide\"><div class=\"wp-block-group__inner-container is-layout-constrained wp-block-group-is-layout-constrained\">\n<div class=\"wp-block-group alignwide\"><div class=\"wp-block-group__inner-container is-layout-constrained wp-block-group-is-layout-constrained\">\n<h3 class=\"wp-block-heading has-text-align-center\">04. GARAGUNE<\/h3>\n\n\n\n<div class=\"wp-block-group alignwide\"><div class=\"wp-block-group__inner-container is-layout-constrained wp-block-group-is-layout-constrained\">\n<div class=\"wp-block-buttons alignwide is-content-justification-center is-layout-flex wp-container-core-buttons-is-layout-28206b41 wp-block-buttons-is-layout-flex\">\n<div class=\"wp-block-button has-custom-width wp-block-button__width-50 has-custom-font-size is-style-default\" style=\"font-size:0px\"><a class=\"wp-block-button__link has-custom-1-color has-custom-1-background-color has-text-color has-background has-link-color wp-element-button\" style=\"border-radius:100px\">BIDEAK EHUNTZEN<\/a><\/div>\n\n\n\n<div class=\"wp-block-button has-custom-width wp-block-button__width-25 has-custom-font-size is-style-default\" style=\"font-size:0px\"><a class=\"wp-block-button__link has-nv-dark-bg-color has-neve-text-color-background-color has-text-color has-background has-link-color has-text-align-center wp-element-button\" style=\"border-radius:100px\">DFGDGF<\/a><\/div>\n<\/div>\n\n\n\n<div style=\"height:16px\" aria-hidden=\"true\" class=\"wp-block-spacer\"><\/div>\n\n\n\n<div class=\"wp-block-media-text alignwide is-stacked-on-mobile\" style=\"padding-top:0;padding-bottom:0;grid-template-columns:15% auto\"><figure class=\"wp-block-media-text__media\"><img loading=\"lazy\" decoding=\"async\" width=\"600\" height=\"600\" src=\"https:\/\/ehunbide.org\/wp-content\/uploads\/2024\/09\/garagune.png\" alt=\"\" class=\"wp-image-1336 size-full\" srcset=\"https:\/\/ehunbide.org\/wp-content\/uploads\/2024\/09\/garagune.png 600w, https:\/\/ehunbide.org\/wp-content\/uploads\/2024\/09\/garagune-300x300.png 300w, https:\/\/ehunbide.org\/wp-content\/uploads\/2024\/09\/garagune-150x150.png 150w\" sizes=\"(max-width: 600px) 100vw, 600px\" \/><\/figure><div class=\"wp-block-media-text__content\">\n<p class=\"has-neve-text-color-color has-text-color has-link-color wp-elements-5c7d3c27cf848a51ef30a368ae220ad4\">Garagune es el proyecto a trav\u00e9s del cual proporcionamos apoyo psicol\u00f3gico a ni\u00f1os, ni\u00f1as y a adolescentes que han sufrido, ejercido o presenciado acoso escolar, y sus familias.<\/p>\n<\/div><\/div>\n<\/div><\/div>\n<\/div><\/div>\n<\/div><\/div>\n\n\n\n<div style=\"height:54px\" aria-hidden=\"true\" class=\"wp-block-spacer\"><\/div>\n<\/div><\/div>\n\n\n\n<div class=\"wp-block-group alignwide\"><div class=\"wp-block-group__inner-container is-layout-constrained wp-block-group-is-layout-constrained\">\n<div class=\"wp-block-group alignwide\"><div class=\"wp-block-group__inner-container is-layout-constrained wp-block-group-is-layout-constrained\">\n<div class=\"wp-block-group alignwide\"><div class=\"wp-block-group__inner-container is-layout-constrained wp-block-group-is-layout-constrained\">\n<h3 class=\"wp-block-heading has-text-align-center\">05. TREBATUZ<\/h3>\n\n\n\n<div class=\"wp-block-group alignwide\"><div class=\"wp-block-group__inner-container is-layout-constrained wp-block-group-is-layout-constrained\">\n<div class=\"wp-block-buttons alignwide is-content-justification-center is-layout-flex wp-container-core-buttons-is-layout-28206b41 wp-block-buttons-is-layout-flex\">\n<div class=\"wp-block-button has-custom-width wp-block-button__width-50 has-custom-font-size is-style-default\" style=\"font-size:0px\"><a class=\"wp-block-button__link has-custom-1-color has-custom-1-background-color has-text-color has-background has-link-color wp-element-button\" style=\"border-radius:100px\">BIDEAK EHUNTZEN<\/a><\/div>\n\n\n\n<div class=\"wp-block-button has-custom-width wp-block-button__width-25 has-custom-font-size is-style-default\" style=\"font-size:0px\"><a class=\"wp-block-button__link has-nv-dark-bg-color has-neve-text-color-background-color has-text-color has-background has-link-color has-text-align-center wp-element-button\" style=\"border-radius:100px\">DFGDGF<\/a><\/div>\n<\/div>\n\n\n\n<div style=\"height:16px\" aria-hidden=\"true\" class=\"wp-block-spacer\"><\/div>\n\n\n\n<div class=\"wp-block-media-text alignwide is-stacked-on-mobile\" style=\"padding-top:0;padding-bottom:0;grid-template-columns:15% auto\"><figure class=\"wp-block-media-text__media\"><img loading=\"lazy\" decoding=\"async\" width=\"600\" height=\"600\" src=\"http:\/\/ehunbide.org\/wp-content\/uploads\/2024\/09\/trebatuz.png\" alt=\"\" class=\"wp-image-1338 size-full\" srcset=\"https:\/\/ehunbide.org\/wp-content\/uploads\/2024\/09\/trebatuz.png 600w, https:\/\/ehunbide.org\/wp-content\/uploads\/2024\/09\/trebatuz-300x300.png 300w, https:\/\/ehunbide.org\/wp-content\/uploads\/2024\/09\/trebatuz-150x150.png 150w\" sizes=\"(max-width: 600px) 100vw, 600px\" \/><\/figure><div class=\"wp-block-media-text__content\">\n<p class=\"has-neve-text-color-color has-text-color has-link-color wp-elements-b5cf63dec2513438494cf344dc8e773d\">Desde trebatuz ofrecemos talleres y gu\u00edas dirigidas la infancia y adolescencia para fomentar la empat\u00eda, el conocimiento y las habilidades necesarias para reconocer y prevenir el Acoso Escolar.<\/p>\n<\/div><\/div>\n<\/div><\/div>\n<\/div><\/div>\n<\/div><\/div>\n\n\n\n<div style=\"height:54px\" aria-hidden=\"true\" class=\"wp-block-spacer\"><\/div>\n<\/div><\/div>\n\n\n\n<div class=\"wp-block-group alignwide\"><div class=\"wp-block-group__inner-container is-layout-constrained wp-block-group-is-layout-constrained\">\n<div class=\"wp-block-group alignwide\"><div class=\"wp-block-group__inner-container is-layout-constrained wp-block-group-is-layout-constrained\">\n<div class=\"wp-block-group alignwide\"><div class=\"wp-block-group__inner-container is-layout-constrained wp-block-group-is-layout-constrained\">\n<h3 class=\"wp-block-heading has-text-align-center\">06. HEZIBIZI<\/h3>\n\n\n\n<div class=\"wp-block-group alignwide\"><div class=\"wp-block-group__inner-container is-layout-constrained wp-block-group-is-layout-constrained\">\n<div class=\"wp-block-buttons alignwide is-content-justification-center is-layout-flex wp-container-core-buttons-is-layout-28206b41 wp-block-buttons-is-layout-flex\">\n<div class=\"wp-block-button has-custom-width wp-block-button__width-50 has-custom-font-size is-style-default\" style=\"font-size:0px\"><a class=\"wp-block-button__link has-custom-1-color has-custom-1-background-color has-text-color has-background has-link-color wp-element-button\" style=\"border-radius:100px\">BIDEAK EHUNTZEN<\/a><\/div>\n\n\n\n<div class=\"wp-block-button has-custom-width wp-block-button__width-25 has-custom-font-size is-style-default\" style=\"font-size:0px\"><a class=\"wp-block-button__link has-nv-dark-bg-color has-neve-text-color-background-color has-text-color has-background has-link-color has-text-align-center wp-element-button\" style=\"border-radius:100px\">DFGDGF<\/a><\/div>\n<\/div>\n\n\n\n<div style=\"height:16px\" aria-hidden=\"true\" class=\"wp-block-spacer\"><\/div>\n\n\n\n<div class=\"wp-block-media-text alignwide is-stacked-on-mobile\" style=\"padding-top:0;padding-bottom:0;grid-template-columns:15% auto\"><figure class=\"wp-block-media-text__media\"><img loading=\"lazy\" decoding=\"async\" width=\"600\" height=\"600\" src=\"https:\/\/ehunbide.org\/wp-content\/uploads\/2024\/09\/hezigune.png\" alt=\"\" class=\"wp-image-1339 size-full\" srcset=\"https:\/\/ehunbide.org\/wp-content\/uploads\/2024\/09\/hezigune.png 600w, https:\/\/ehunbide.org\/wp-content\/uploads\/2024\/09\/hezigune-300x300.png 300w, https:\/\/ehunbide.org\/wp-content\/uploads\/2024\/09\/hezigune-150x150.png 150w\" sizes=\"(max-width: 600px) 100vw, 600px\" \/><\/figure><div class=\"wp-block-media-text__content\">\n<p class=\"has-neve-text-color-color has-text-color has-link-color wp-elements-f3e5461037a8b6475f731dcdced6ca85\">Hezibizi, es un proyecto de talleres formativos dirigidos a familias, a trav\u00e9s de los cuales queremos: informar sobre los diferentes tipos de acoso y sus impactos, ense\u00f1ar a reconocer se\u00f1ales de alerta en entornos escolares y online, y fomentar la comunicaci\u00f3n asertiva en el hogar.<\/p>\n<\/div><\/div>\n<\/div><\/div>\n<\/div><\/div>\n<\/div><\/div>\n\n\n\n<div style=\"height:54px\" aria-hidden=\"true\" class=\"wp-block-spacer\"><\/div>\n<\/div><\/div>\n\n\n\n<div class=\"wp-block-group alignwide\"><div class=\"wp-block-group__inner-container is-layout-constrained wp-block-group-is-layout-constrained\">\n<div class=\"wp-block-group alignwide\"><div class=\"wp-block-group__inner-container is-layout-constrained wp-block-group-is-layout-constrained\">\n<div class=\"wp-block-group alignwide\"><div class=\"wp-block-group__inner-container is-layout-constrained wp-block-group-is-layout-constrained\">\n<h3 class=\"wp-block-heading has-text-align-center\">07. MEDIACI\u00d3N<\/h3>\n\n\n\n<div class=\"wp-block-group alignwide\"><div class=\"wp-block-group__inner-container is-layout-constrained wp-block-group-is-layout-constrained\">\n<div class=\"wp-block-buttons alignwide is-content-justification-center is-layout-flex wp-container-core-buttons-is-layout-28206b41 wp-block-buttons-is-layout-flex\">\n<div class=\"wp-block-button has-custom-width wp-block-button__width-50 has-custom-font-size is-style-default\" style=\"font-size:0px\"><a class=\"wp-block-button__link has-custom-1-color has-custom-1-background-color has-text-color has-background has-link-color wp-element-button\" style=\"border-radius:100px\">BIDEAK EHUNTZEN<\/a><\/div>\n\n\n\n<div class=\"wp-block-button has-custom-width wp-block-button__width-25 has-custom-font-size is-style-default\" style=\"font-size:0px\"><a class=\"wp-block-button__link has-nv-dark-bg-color has-neve-text-color-background-color has-text-color has-background has-link-color has-text-align-center wp-element-button\" style=\"border-radius:100px\">DFGDGF<\/a><\/div>\n<\/div>\n\n\n\n<div style=\"height:16px\" aria-hidden=\"true\" class=\"wp-block-spacer\"><\/div>\n\n\n\n<div class=\"wp-block-media-text alignwide is-stacked-on-mobile\" style=\"padding-top:0;padding-bottom:0;grid-template-columns:15% auto\"><figure class=\"wp-block-media-text__media\"><img loading=\"lazy\" decoding=\"async\" width=\"600\" height=\"600\" src=\"https:\/\/ehunbide.org\/wp-content\/uploads\/2024\/09\/mediacion.png\" alt=\"\" class=\"wp-image-1341 size-full\" srcset=\"https:\/\/ehunbide.org\/wp-content\/uploads\/2024\/09\/mediacion.png 600w, https:\/\/ehunbide.org\/wp-content\/uploads\/2024\/09\/mediacion-300x300.png 300w, https:\/\/ehunbide.org\/wp-content\/uploads\/2024\/09\/mediacion-150x150.png 150w\" sizes=\"(max-width: 600px) 100vw, 600px\" \/><\/figure><div class=\"wp-block-media-text__content\">\n<p class=\"has-neve-text-color-color has-text-color has-link-color wp-elements-faf353936de9013c522eff21f9365964\">A trav\u00e9s del proyecto Mediaci\u00f3n apoyamos a familias, a menores y a la comunidad educativa en la resoluci\u00f3n de situaciones de acoso y prevenir su recurrencia. El enfoque principal es promover el di\u00e1logo, la comprensi\u00f3n mutua y la colaboraci\u00f3n entre todas las partes.<\/p>\n<\/div><\/div>\n<\/div><\/div>\n<\/div><\/div>\n<\/div><\/div>\n\n\n\n<div style=\"height:54px\" aria-hidden=\"true\" class=\"wp-block-spacer\"><\/div>\n<\/div><\/div>\n<\/div><\/div>\n<\/div><\/div>\n","protected":false},"excerpt":{"rendered":"<p>El acoso escolar es un problema complejo que se debe abordar de manera integral. Es por ello, por lo que desde Ehunbide Fundazioa, hemos adquirido el compromiso de desarrollar proyectos enfocados a acompa\u00f1ar desde la prevenci\u00f3n, la formaci\u00f3n, la detecci\u00f3n, la intervenci\u00f3n y la reparaci\u00f3n. Cada uno de ellos est\u00e1 dise\u00f1ado para ofrecer respuestas espec\u00edficas&hellip;&nbsp;<a href=\"https:\/\/ehunbide.org\/index.php\/proyectos\/\" rel=\"bookmark\">Leer m\u00e1s &raquo;<span class=\"screen-reader-text\">Proyectos<\/span><\/a><\/p>\n","protected":false},"author":2,"featured_media":0,"parent":0,"menu_order":0,"comment_status":"closed","ping_status":"closed","template":"","meta":{"om_disable_all_campaigns":false,"_monsterinsights_skip_tracking":false,"_monsterinsights_sitenote_active":false,"_monsterinsights_sitenote_note":"","_monsterinsights_sitenote_category":0,"_uf_show_specific_survey":0,"_uf_disable_surveys":false,"neve_meta_sidebar":"default","neve_meta_container":"","neve_meta_enable_content_width":"","neve_meta_content_width":0,"neve_meta_title_alignment":"center","neve_meta_author_avatar":"","neve_post_elements_order":"","neve_meta_disable_header":"","neve_meta_disable_footer":"","neve_meta_disable_title":"","_themeisle_gutenberg_block_has_review":false,"footnotes":""},"class_list":["post-771","page","type-page","status-publish","hentry"],"aioseo_notices":[],"_links":{"self":[{"href":"https:\/\/ehunbide.org\/index.php\/wp-json\/wp\/v2\/pages\/771","targetHints":{"allow":["GET"]}}],"collection":[{"href":"https:\/\/ehunbide.org\/index.php\/wp-json\/wp\/v2\/pages"}],"about":[{"href":"https:\/\/ehunbide.org\/index.php\/wp-json\/wp\/v2\/types\/page"}],"author":[{"embeddable":true,"href":"https:\/\/ehunbide.org\/index.php\/wp-json\/wp\/v2\/users\/2"}],"replies":[{"embeddable":true,"href":"https:\/\/ehunbide.org\/index.php\/wp-json\/wp\/v2\/comments?post=771"}],"version-history":[{"count":64,"href":"https:\/\/ehunbide.org\/index.php\/wp-json\/wp\/v2\/pages\/771\/revisions"}],"predecessor-version":[{"id":1472,"href":"https:\/\/ehunbide.org\/index.php\/wp-json\/wp\/v2\/pages\/771\/revisions\/1472"}],"wp:attachment":[{"href":"https:\/\/ehunbide.org\/index.php\/wp-json\/wp\/v2\/media?parent=771"}],"curies":[{"name":"wp","href":"https:\/\/api.w.org\/{rel}","templated":true}]}}