{"id":777,"date":"2024-09-10T09:46:37","date_gmt":"2024-09-10T07:46:37","guid":{"rendered":"https:\/\/ehunbide.org\/?page_id=777"},"modified":"2024-09-18T19:17:52","modified_gmt":"2024-09-18T17:17:52","slug":"sobre-el-acoso","status":"publish","type":"page","link":"https:\/\/ehunbide.org\/index.php\/sobre-el-acoso\/","title":{"rendered":"Sobre el acoso"},"content":{"rendered":"\n<p>El acoso escolar se trata de una violencia entre iguales y se caracteriza por tres rasgos que permiten diferenciarlo de otras conductas:<\/p>\n\n\n\n<div class=\"wp-block-media-text has-media-on-the-right is-stacked-on-mobile\" style=\"grid-template-columns:auto 15%\"><div class=\"wp-block-media-text__content\">\n<ul class=\"wp-block-list\">\n<li>Se trata de una conducta que <strong>persiste en el tiempo<\/strong> y es continua. Una \u00fanica agresi\u00f3n sin continuidad no es acoso, con independencia del da\u00f1o que cause a la v\u00edctima.<\/li>\n\n\n\n<li>Existe una <strong>intencionalidad<\/strong> por parte del acosador o agresor de hacer da\u00f1o a la v\u00edctima.<\/li>\n\n\n\n<li>Hay un <strong>desequilibrio de poder<\/strong> que puede ser f\u00edsico, psicol\u00f3gico y\/o social.<\/li>\n<\/ul>\n<\/div><figure class=\"wp-block-media-text__media\"><img fetchpriority=\"high\" decoding=\"async\" width=\"512\" height=\"512\" src=\"https:\/\/ehunbide.org\/wp-content\/uploads\/2024\/09\/faq.png\" alt=\"\" class=\"wp-image-881 size-full\" srcset=\"https:\/\/ehunbide.org\/wp-content\/uploads\/2024\/09\/faq.png 512w, https:\/\/ehunbide.org\/wp-content\/uploads\/2024\/09\/faq-300x300.png 300w, https:\/\/ehunbide.org\/wp-content\/uploads\/2024\/09\/faq-150x150.png 150w\" sizes=\"(max-width: 512px) 100vw, 512px\" \/><\/figure><\/div>\n\n\n\n<div style=\"height:32px\" aria-hidden=\"true\" class=\"wp-block-spacer\"><\/div>\n\n\n\n<div id=\"wp-block-themeisle-blocks-accordion-8742e54e\" data-has-schema=\"true\" class=\"wp-block-themeisle-blocks-accordion is-style-default has-light-active-title-bg\">\n<details class=\"wp-block-themeisle-blocks-accordion-item\"><summary class=\"wp-block-themeisle-blocks-accordion-item__title\"><div><strong>01.<\/strong> <font style=\"vertical-align: inherit;\"><font style=\"vertical-align: inherit;\"><strong>\u00bfQu\u00e9 tipos de Acoso Escolar existen?<\/strong><\/font><\/font><\/div><\/summary><div class=\"wp-block-themeisle-blocks-accordion-item__content\">\n<p class=\"has-nv-c-2-color has-text-color has-link-color wp-elements-924db3d9103a5b56f2e6cd97357a75cc\">Hay seis tipos principales de bullying escolar: f\u00edsico, verbal, psicol\u00f3gico, social o relacional, sexual y ciberbullying.<\/p>\n<\/div><\/details>\n\n\n\n<details class=\"wp-block-themeisle-blocks-accordion-item\"><summary class=\"wp-block-themeisle-blocks-accordion-item__title\"><div><strong>02. \u00bfEn qu\u00e9 espacios se puede dar el Acoso Escolar?<\/strong><\/div><\/summary><div class=\"wp-block-themeisle-blocks-accordion-item__content\">\n<p class=\"has-neve-link-hover-color-color has-text-color has-link-color wp-elements-fc62ad026e14d65a17d89d4d703b8f07\"><font style=\"vertical-align: inherit;\"><font style=\"vertical-align: inherit;\">No solo se da en los centros educativos, tambi\u00e9n sucede en los clubs deportivos, la calle y\/o en el contexto de Internet, ciberbullying.<br><\/font><\/font><\/p>\n<\/div><\/details>\n\n\n\n<details class=\"wp-block-themeisle-blocks-accordion-item\"><summary class=\"wp-block-themeisle-blocks-accordion-item__title\"><div><strong>03. \u00bfQui\u00e9nes participan en el Acoso Escolar?<\/strong><\/div><\/summary><div class=\"wp-block-themeisle-blocks-accordion-item__content\">\n<p class=\"has-nv-dark-bg-color has-text-color has-link-color wp-elements-5170d340c618ed4fe7fd84d279dcd8e3\">El acoso escolar o bullying tiene como participantes principales a la v\u00edctima, las personas agresoras y habitualmente las testigos.<\/p>\n<\/div><\/details>\n\n\n\n<details class=\"wp-block-themeisle-blocks-accordion-item\"><summary class=\"wp-block-themeisle-blocks-accordion-item__title\"><div><strong>04. \u00bfQu\u00e9 se\u00f1ales nos pueden alertar?<\/strong><\/div><\/summary><div class=\"wp-block-themeisle-blocks-accordion-item__content\">\n<p class=\"has-nv-dark-bg-color has-text-color has-link-color wp-elements-a96fbcbe96d5dcd105365c7ca0166f0e\"><font style=\"vertical-align: inherit;\"><font style=\"vertical-align: inherit;\">El acoso escolar puede ser dif\u00edcil de identificar, pero hay se\u00f1ales que pueden indicar que un estudiante lo pueda estar sufriendo, entre las m\u00e1s comunes est\u00e1n: cambios de conducta y humor, bajo rendimiento escolar, problemas de sue\u00f1o y\/o alimentaci\u00f3n, s\u00edntomas psicosom\u00e1ticos o no querer ir a clase. <\/font><\/font><\/p>\n<\/div><\/details>\n\n\n\n<details class=\"wp-block-themeisle-blocks-accordion-item\"><summary class=\"wp-block-themeisle-blocks-accordion-item__title\"><div><strong>05. \u00bfCu\u00e1l es el marco normativo?<\/strong><\/div><\/summary><div class=\"wp-block-themeisle-blocks-accordion-item__content\">\n<ul class=\"wp-block-list\">\n<li>En el \u00e1mbito internacional, La declaraci\u00f3n de Derechos Humanos y su desarrollo en los Pactos Pol\u00edticos, as\u00ed como la Convenci\u00f3n sobre los Derechos del Ni\u00f1o y la Ni\u00f1a que fue ratificada por el Estado en 1990.<\/li>\n\n\n\n<li>A nivel Europeo, Carta Europea de los Derechos del Ni\u00f1o y la Ni\u00f1a.<\/li>\n\n\n\n<li>A nivel Estatal, la Constituci\u00f3n Espa\u00f1ola de 1978 en los art\u00edculos 15 y 39, as\u00ed como la LOPIVI, Ley Org\u00e1nica 8\/2021, de 4 de junio, de protecci\u00f3n integral a la infancia y la adolescencia frente a la violencia.<\/li>\n\n\n\n<li>A nivel auton\u00f3mico, la Ley 2\/2024, de 15 de febrero, de Infancia y Adolescencia.<\/li>\n<\/ul>\n<\/div><\/details>\n<\/div>\n\n\n\n<div style=\"height:70px\" aria-hidden=\"true\" class=\"wp-block-spacer\"><\/div>\n\n\n\n<p><\/p>\n","protected":false},"excerpt":{"rendered":"<p>El acoso escolar se trata de una violencia entre iguales y se caracteriza por tres rasgos que permiten diferenciarlo de otras conductas:<\/p>\n","protected":false},"author":2,"featured_media":0,"parent":0,"menu_order":0,"comment_status":"closed","ping_status":"closed","template":"","meta":{"om_disable_all_campaigns":false,"_monsterinsights_skip_tracking":false,"_monsterinsights_sitenote_active":false,"_monsterinsights_sitenote_note":"","_monsterinsights_sitenote_category":0,"_uf_show_specific_survey":0,"_uf_disable_surveys":false,"neve_meta_sidebar":"","neve_meta_container":"","neve_meta_enable_content_width":"","neve_meta_content_width":0,"neve_meta_title_alignment":"center","neve_meta_author_avatar":"","neve_post_elements_order":"","neve_meta_disable_header":"","neve_meta_disable_footer":"","neve_meta_disable_title":"","_themeisle_gutenberg_block_has_review":false,"footnotes":""},"class_list":["post-777","page","type-page","status-publish","hentry"],"aioseo_notices":[],"_links":{"self":[{"href":"https:\/\/ehunbide.org\/index.php\/wp-json\/wp\/v2\/pages\/777","targetHints":{"allow":["GET"]}}],"collection":[{"href":"https:\/\/ehunbide.org\/index.php\/wp-json\/wp\/v2\/pages"}],"about":[{"href":"https:\/\/ehunbide.org\/index.php\/wp-json\/wp\/v2\/types\/page"}],"author":[{"embeddable":true,"href":"https:\/\/ehunbide.org\/index.php\/wp-json\/wp\/v2\/users\/2"}],"replies":[{"embeddable":true,"href":"https:\/\/ehunbide.org\/index.php\/wp-json\/wp\/v2\/comments?post=777"}],"version-history":[{"count":99,"href":"https:\/\/ehunbide.org\/index.php\/wp-json\/wp\/v2\/pages\/777\/revisions"}],"predecessor-version":[{"id":1434,"href":"https:\/\/ehunbide.org\/index.php\/wp-json\/wp\/v2\/pages\/777\/revisions\/1434"}],"wp:attachment":[{"href":"https:\/\/ehunbide.org\/index.php\/wp-json\/wp\/v2\/media?parent=777"}],"curies":[{"name":"wp","href":"https:\/\/api.w.org\/{rel}","templated":true}]}}